{"id":181,"date":"2019-01-12T14:49:38","date_gmt":"2019-01-12T14:49:38","guid":{"rendered":"http:\/\/localhost:8888\/construction\/?page_id=181"},"modified":"2023-11-23T07:59:19","modified_gmt":"2023-11-23T07:59:19","slug":"unternehmen","status":"publish","type":"page","link":"https:\/\/zeba-gartengestaltung.de\/index.php\/unternehmen\/","title":{"rendered":"Unternehmen"},"content":{"rendered":"\t\t<div data-elementor-type=\"wp-page\" data-elementor-id=\"181\" class=\"elementor elementor-181\">\n\t\t\t\t\t\t<div class=\"elementor-inner\">\n\t\t\t\t<div class=\"elementor-section-wrap\">\n\t\t\t\t\t\t\t\t\t<section class=\"elementor-section elementor-top-section elementor-element elementor-element-f853b68 elementor-section-content-middle elementor-section-boxed elementor-section-height-default elementor-section-height-default\" data-id=\"f853b68\" data-element_type=\"section\">\n\t\t\t\t\t\t<div class=\"elementor-container elementor-column-gap-extended\">\n\t\t\t\t\t\t\t<div class=\"elementor-row\">\n\t\t\t\t\t<div class=\"elementor-column elementor-col-50 elementor-top-column elementor-element elementor-element-fcebbbf\" data-id=\"fcebbbf\" data-element_type=\"column\">\n\t\t\t<div class=\"elementor-column-wrap elementor-element-populated\">\n\t\t\t\t\t\t\t<div class=\"elementor-widget-wrap\">\n\t\t\t\t\t\t<div class=\"elementor-element elementor-element-a2a3011 elementor-widget elementor-widget-qt-custom-heading\" data-id=\"a2a3011\" data-element_type=\"widget\" data-widget_type=\"qt-custom-heading.default\">\n\t\t\t\t<div class=\"elementor-widget-container\">\n\t\t\t            <div class=\"custom-heading\">\n                <h2 class=\"widget-title\">\n                    <span class=\"light\">Zeba<\/span> Gartengestaltung \/ Stra\u00dfen-u. Tiefbau GmbH                <\/h2>\n            <\/div>\n        \t\t<\/div>\n\t\t\t\t<\/div>\n\t\t\t\t<div class=\"elementor-element elementor-element-1652be0 elementor-widget elementor-widget-text-editor\" data-id=\"1652be0\" data-element_type=\"widget\" data-widget_type=\"text-editor.default\">\n\t\t\t\t<div class=\"elementor-widget-container\">\n\t\t\t<style>\/*! elementor - v3.17.0 - 08-11-2023 *\/\n.elementor-widget-text-editor.elementor-drop-cap-view-stacked .elementor-drop-cap{background-color:#69727d;color:#fff}.elementor-widget-text-editor.elementor-drop-cap-view-framed .elementor-drop-cap{color:#69727d;border:3px solid;background-color:transparent}.elementor-widget-text-editor:not(.elementor-drop-cap-view-default) .elementor-drop-cap{margin-top:8px}.elementor-widget-text-editor:not(.elementor-drop-cap-view-default) .elementor-drop-cap-letter{width:1em;height:1em}.elementor-widget-text-editor .elementor-drop-cap{float:left;text-align:center;line-height:1;font-size:50px}.elementor-widget-text-editor .elementor-drop-cap-letter{display:inline-block}<\/style>\t\t\t\t\t<div class=\"elementor-text-editor elementor-clearfix\">\n\t\t\t\t<p>Im Jahr 2007 wurde unsere Firma Zeba Gartengestaltung von Ivanko Zeba gegr\u00fcndet.\u00a0<\/p><p>2020 stiegen die S\u00f6hne Josip und Patrik Zeba als Gesch\u00e4ftsf\u00fchrer mit ins Unternehmen ein. In diesem Jahr wurde dann die Gr\u00fcndung von Zeba Stra\u00dfen-und Tiefbau realisiert.\u00a0<\/p><p>Aktuell besch\u00e4ftigen wir \u00fcber 40 qualifizierte Mitarbeiter. Wir verf\u00fcgen \u00fcber einen modernen Maschinen-u. Fuhrpark. Zudem sind wir auch ein anerkannter Ausbildungsbetrieb.<\/p><p>Wenn Sie auf der Suche nach einem zuverl\u00e4ssigen Partner sind, der Ihre Garten- oder Stra\u00dfenbauprojekte verwirklicht, sind Sie bei uns genau richtig!<\/p><p>Die Zufriedenheit unserer Kunden steht immer an erster Stelle, dies k\u00f6nnen wir durch unsere langj\u00e4hrige Expertise stets gew\u00e4hrleisten.\u00a0<\/p><p><a class=\"more\" href=\"http:\/\/zeba-gartengestaltung.de\/index.php\/gartengestaltung\/\"><strong>ZUR GARTENGESTALTUNG<\/strong><\/a><\/p><p><a class=\"more\" href=\"http:\/\/zeba-gartengestaltung.de\/index.php\/strassenbau-tiefbau\/\"><strong>ZUM STRASSEN-U. TIEFBAU<\/strong><\/a><\/p>\t\t\t\t\t<\/div>\n\t\t\t\t\t\t<\/div>\n\t\t\t\t<\/div>\n\t\t\t\t\t\t<\/div>\n\t\t\t\t\t<\/div>\n\t\t<\/div>\n\t\t\t\t<div class=\"elementor-column elementor-col-50 elementor-top-column elementor-element elementor-element-b8a6197\" data-id=\"b8a6197\" data-element_type=\"column\">\n\t\t\t<div class=\"elementor-column-wrap elementor-element-populated\">\n\t\t\t\t\t\t\t<div class=\"elementor-widget-wrap\">\n\t\t\t\t\t\t<div class=\"elementor-element elementor-element-5d5ddf9 elementor-widget elementor-widget-video\" data-id=\"5d5ddf9\" data-element_type=\"widget\" data-settings=\"{&quot;video_type&quot;:&quot;hosted&quot;,&quot;autoplay&quot;:&quot;yes&quot;,&quot;play_on_mobile&quot;:&quot;yes&quot;,&quot;controls&quot;:&quot;yes&quot;}\" data-widget_type=\"video.default\">\n\t\t\t\t<div class=\"elementor-widget-container\">\n\t\t\t<style>\/*! elementor - v3.17.0 - 08-11-2023 *\/\n.elementor-widget-video .elementor-widget-container{overflow:hidden;transform:translateZ(0)}.elementor-widget-video .elementor-wrapper{aspect-ratio:var(--video-aspect-ratio)}.elementor-widget-video .elementor-wrapper iframe,.elementor-widget-video .elementor-wrapper video{height:100%;width:100%;display:flex;border:none;background-color:#000}@supports not (aspect-ratio:1\/1){.elementor-widget-video .elementor-wrapper{position:relative;overflow:hidden;height:0;padding-bottom:calc(100% \/ var(--video-aspect-ratio))}.elementor-widget-video .elementor-wrapper iframe,.elementor-widget-video .elementor-wrapper video{position:absolute;top:0;right:0;bottom:0;left:0}}.elementor-widget-video .elementor-open-inline .elementor-custom-embed-image-overlay{position:absolute;top:0;right:0;bottom:0;left:0;background-size:cover;background-position:50%}.elementor-widget-video .elementor-custom-embed-image-overlay{cursor:pointer;text-align:center}.elementor-widget-video .elementor-custom-embed-image-overlay:hover .elementor-custom-embed-play i{opacity:1}.elementor-widget-video .elementor-custom-embed-image-overlay img{display:block;width:100%;aspect-ratio:var(--video-aspect-ratio);-o-object-fit:cover;object-fit:cover;-o-object-position:center center;object-position:center center}@supports not (aspect-ratio:1\/1){.elementor-widget-video .elementor-custom-embed-image-overlay{position:relative;overflow:hidden;height:0;padding-bottom:calc(100% \/ var(--video-aspect-ratio))}.elementor-widget-video .elementor-custom-embed-image-overlay img{position:absolute;top:0;right:0;bottom:0;left:0}}.elementor-widget-video .e-hosted-video .elementor-video{-o-object-fit:cover;object-fit:cover}.e-con-inner>.elementor-widget-video,.e-con>.elementor-widget-video{width:var(--container-widget-width);--flex-grow:var(--container-widget-flex-grow)}<\/style>\t\t<div class=\"e-hosted-video elementor-wrapper elementor-open-inline\">\n\t\t\t\t\t<video class=\"elementor-video\" src=\"https:\/\/zeba-gartengestaltung.de\/wp-content\/uploads\/2023\/11\/GICWmADlaSG4PiIFAJJ-RzX3KUAybpR1AAAF.mp4\" autoplay=\"\" controls=\"\" playsinline=\"\" controlsList=\"nodownload\" poster=\"http:\/\/zeba-gartengestaltung.de\/wp-content\/uploads\/2023\/03\/IMG_1893.jpeg\"><\/video>\n\t\t\t\t<\/div>\n\t\t\t\t<\/div>\n\t\t\t\t<\/div>\n\t\t\t\t\t\t<\/div>\n\t\t\t\t\t<\/div>\n\t\t<\/div>\n\t\t\t\t\t\t\t\t<\/div>\n\t\t\t\t\t<\/div>\n\t\t<\/section>\n\t\t\t\t<section class=\"elementor-section elementor-top-section elementor-element elementor-element-c022d7a elementor-section-boxed elementor-section-height-default elementor-section-height-default\" data-id=\"c022d7a\" data-element_type=\"section\">\n\t\t\t\t\t\t<div class=\"elementor-container elementor-column-gap-extended\">\n\t\t\t\t\t\t\t<div class=\"elementor-row\">\n\t\t\t\t\t<div class=\"elementor-column elementor-col-33 elementor-top-column elementor-element elementor-element-6e06a6f\" data-id=\"6e06a6f\" data-element_type=\"column\">\n\t\t\t<div class=\"elementor-column-wrap elementor-element-populated\">\n\t\t\t\t\t\t\t<div class=\"elementor-widget-wrap\">\n\t\t\t\t\t\t<div class=\"elementor-element elementor-element-9c7dec2 elementor-widget elementor-widget-qt-dropcap\" data-id=\"9c7dec2\" data-element_type=\"widget\" data-widget_type=\"qt-dropcap.default\">\n\t\t\t\t<div class=\"elementor-widget-container\">\n\t\t\t            <div class=\"dropcap-wrap\">\n                <div class=\"dropcap-pull\">\n                    <span class=\"dropcap style1\">25+<\/span>\n                <\/div>\n                <span class=\"dropcap-title\">Jahre Erfahrung<\/span>\n            <\/div>\n        \t\t<\/div>\n\t\t\t\t<\/div>\n\t\t\t\t\t\t<\/div>\n\t\t\t\t\t<\/div>\n\t\t<\/div>\n\t\t\t\t<div class=\"elementor-column elementor-col-33 elementor-top-column elementor-element elementor-element-c5abb6d\" data-id=\"c5abb6d\" data-element_type=\"column\">\n\t\t\t<div class=\"elementor-column-wrap elementor-element-populated\">\n\t\t\t\t\t\t\t<div class=\"elementor-widget-wrap\">\n\t\t\t\t\t\t<div class=\"elementor-element elementor-element-e6f57ce elementor-widget elementor-widget-qt-dropcap\" data-id=\"e6f57ce\" data-element_type=\"widget\" data-widget_type=\"qt-dropcap.default\">\n\t\t\t\t<div class=\"elementor-widget-container\">\n\t\t\t            <div class=\"dropcap-wrap\">\n                <div class=\"dropcap-pull\">\n                    <span class=\"dropcap style1\">40<\/span>\n                <\/div>\n                <span class=\"dropcap-title\">qualifizierte Mitarbeiter*innen<\/span>\n            <\/div>\n        \t\t<\/div>\n\t\t\t\t<\/div>\n\t\t\t\t\t\t<\/div>\n\t\t\t\t\t<\/div>\n\t\t<\/div>\n\t\t\t\t<div class=\"elementor-column elementor-col-33 elementor-top-column elementor-element elementor-element-753881b\" data-id=\"753881b\" data-element_type=\"column\">\n\t\t\t<div class=\"elementor-column-wrap elementor-element-populated\">\n\t\t\t\t\t\t\t<div class=\"elementor-widget-wrap\">\n\t\t\t\t\t\t<div class=\"elementor-element elementor-element-96a9c4b elementor-widget elementor-widget-qt-dropcap\" data-id=\"96a9c4b\" data-element_type=\"widget\" data-widget_type=\"qt-dropcap.default\">\n\t\t\t\t<div class=\"elementor-widget-container\">\n\t\t\t            <div class=\"dropcap-wrap\">\n                <div class=\"dropcap-pull\">\n                    <span class=\"dropcap style1\">100%<\/span>\n                <\/div>\n                <span class=\"dropcap-title\">zufriedene Kunden<\/span>\n            <\/div>\n        \t\t<\/div>\n\t\t\t\t<\/div>\n\t\t\t\t\t\t<\/div>\n\t\t\t\t\t<\/div>\n\t\t<\/div>\n\t\t\t\t\t\t\t\t<\/div>\n\t\t\t\t\t<\/div>\n\t\t<\/section>\n\t\t\t\t<section class=\"elementor-section elementor-top-section elementor-element elementor-element-4964164 elementor-section-boxed elementor-section-height-default elementor-section-height-default\" data-id=\"4964164\" data-element_type=\"section\">\n\t\t\t\t\t\t<div class=\"elementor-container elementor-column-gap-default\">\n\t\t\t\t\t\t\t<div class=\"elementor-row\">\n\t\t\t\t\t<div class=\"elementor-column elementor-col-100 elementor-top-column elementor-element elementor-element-0d9b4e0\" data-id=\"0d9b4e0\" data-element_type=\"column\">\n\t\t\t<div class=\"elementor-column-wrap elementor-element-populated\">\n\t\t\t\t\t\t\t<div class=\"elementor-widget-wrap\">\n\t\t\t\t\t\t<div class=\"elementor-element elementor-element-2d2a2d8 elementor-widget elementor-widget-qt-custom-heading\" data-id=\"2d2a2d8\" data-element_type=\"widget\" data-widget_type=\"qt-custom-heading.default\">\n\t\t\t\t<div class=\"elementor-widget-container\">\n\t\t\t            <div class=\"custom-heading\">\n                <h2 class=\"widget-title\">\n                    <span class=\"light\">Unser<\/span> Team                <\/h2>\n            <\/div>\n        \t\t<\/div>\n\t\t\t\t<\/div>\n\t\t\t\t\t\t<\/div>\n\t\t\t\t\t<\/div>\n\t\t<\/div>\n\t\t\t\t\t\t\t\t<\/div>\n\t\t\t\t\t<\/div>\n\t\t<\/section>\n\t\t\t\t<section class=\"elementor-section elementor-top-section elementor-element elementor-element-b5ee02c elementor-section-boxed elementor-section-height-default elementor-section-height-default\" data-id=\"b5ee02c\" data-element_type=\"section\">\n\t\t\t\t\t\t<div class=\"elementor-container elementor-column-gap-extended\">\n\t\t\t\t\t\t\t<div class=\"elementor-row\">\n\t\t\t\t\t<div class=\"elementor-column elementor-col-33 elementor-top-column elementor-element elementor-element-4315fa5\" data-id=\"4315fa5\" data-element_type=\"column\">\n\t\t\t<div class=\"elementor-column-wrap elementor-element-populated\">\n\t\t\t\t\t\t\t<div class=\"elementor-widget-wrap\">\n\t\t\t\t\t\t<div class=\"elementor-element elementor-element-e350148 elementor-widget elementor-widget-qt-team-member\" data-id=\"e350148\" data-element_type=\"widget\" data-widget_type=\"qt-team-member.default\">\n\t\t\t\t<div class=\"elementor-widget-container\">\n\t\t\t\n        <div class=\"team-member\">\n            <div class=\"team-member-image\">\n                \n                <img loading=\"lazy\" decoding=\"async\" width=\"1920\" height=\"2560\" src=\"https:\/\/zeba-gartengestaltung.de\/wp-content\/uploads\/2023\/03\/Ivanko-Zeba-scaled.jpeg\" class=\"attachment-full size-full wp-image-7846\" alt=\"\" srcset=\"https:\/\/zeba-gartengestaltung.de\/wp-content\/uploads\/2023\/03\/Ivanko-Zeba-scaled.jpeg 1920w, https:\/\/zeba-gartengestaltung.de\/wp-content\/uploads\/2023\/03\/Ivanko-Zeba-225x300.jpeg 225w, https:\/\/zeba-gartengestaltung.de\/wp-content\/uploads\/2023\/03\/Ivanko-Zeba-768x1024.jpeg 768w, https:\/\/zeba-gartengestaltung.de\/wp-content\/uploads\/2023\/03\/Ivanko-Zeba-1152x1536.jpeg 1152w, https:\/\/zeba-gartengestaltung.de\/wp-content\/uploads\/2023\/03\/Ivanko-Zeba-1536x2048.jpeg 1536w, https:\/\/zeba-gartengestaltung.de\/wp-content\/uploads\/2023\/03\/Ivanko-Zeba-600x800.jpeg 600w\" sizes=\"auto, (max-width: 1920px) 100vw, 1920px\" \/>\n                            <\/div>\n\n            <div class=\"team-member-content\">\n                                    <h5 class=\"team-member-name\">Ivanko Zeba<\/h5>\n                                                    <span class=\"team-member-tag\">Gesch\u00e4ftsf\u00fchrung<\/span>\n                                                    <p class=\"team-member-description\">Oberbauleitung \/ Management \/ Planung<\/p>\n                                            <\/div>\n        <\/div>\n\n\n        \t\t<\/div>\n\t\t\t\t<\/div>\n\t\t\t\t\t\t<\/div>\n\t\t\t\t\t<\/div>\n\t\t<\/div>\n\t\t\t\t<div class=\"elementor-column elementor-col-33 elementor-top-column elementor-element elementor-element-90e0a8c\" data-id=\"90e0a8c\" data-element_type=\"column\">\n\t\t\t<div class=\"elementor-column-wrap elementor-element-populated\">\n\t\t\t\t\t\t\t<div class=\"elementor-widget-wrap\">\n\t\t\t\t\t\t<div class=\"elementor-element elementor-element-190c192 elementor-widget elementor-widget-qt-team-member\" data-id=\"190c192\" data-element_type=\"widget\" data-widget_type=\"qt-team-member.default\">\n\t\t\t\t<div class=\"elementor-widget-container\">\n\t\t\t\n        <div class=\"team-member\">\n            <div class=\"team-member-image\">\n                \n                <img loading=\"lazy\" decoding=\"async\" width=\"1920\" height=\"2560\" src=\"https:\/\/zeba-gartengestaltung.de\/wp-content\/uploads\/2023\/03\/Patrik-Zeba-scaled.jpeg\" class=\"attachment-full size-full wp-image-7845\" alt=\"\" srcset=\"https:\/\/zeba-gartengestaltung.de\/wp-content\/uploads\/2023\/03\/Patrik-Zeba-scaled.jpeg 1920w, https:\/\/zeba-gartengestaltung.de\/wp-content\/uploads\/2023\/03\/Patrik-Zeba-225x300.jpeg 225w, https:\/\/zeba-gartengestaltung.de\/wp-content\/uploads\/2023\/03\/Patrik-Zeba-768x1024.jpeg 768w, https:\/\/zeba-gartengestaltung.de\/wp-content\/uploads\/2023\/03\/Patrik-Zeba-1152x1536.jpeg 1152w, https:\/\/zeba-gartengestaltung.de\/wp-content\/uploads\/2023\/03\/Patrik-Zeba-1536x2048.jpeg 1536w, https:\/\/zeba-gartengestaltung.de\/wp-content\/uploads\/2023\/03\/Patrik-Zeba-600x800.jpeg 600w\" sizes=\"auto, (max-width: 1920px) 100vw, 1920px\" \/>\n                            <\/div>\n\n            <div class=\"team-member-content\">\n                                    <h5 class=\"team-member-name\">Patrik Zeba<\/h5>\n                                                    <span class=\"team-member-tag\">Gesch\u00e4ftsf\u00fchrung<\/span>\n                                                    <p class=\"team-member-description\">Projektentwicklung \/ Bauleitung<\/p>\n                                            <\/div>\n        <\/div>\n\n\n        \t\t<\/div>\n\t\t\t\t<\/div>\n\t\t\t\t\t\t<\/div>\n\t\t\t\t\t<\/div>\n\t\t<\/div>\n\t\t\t\t<div class=\"elementor-column elementor-col-33 elementor-top-column elementor-element elementor-element-355a55c\" data-id=\"355a55c\" data-element_type=\"column\">\n\t\t\t<div class=\"elementor-column-wrap elementor-element-populated\">\n\t\t\t\t\t\t\t<div class=\"elementor-widget-wrap\">\n\t\t\t\t\t\t<div class=\"elementor-element elementor-element-6b30c46 elementor-widget elementor-widget-qt-team-member\" data-id=\"6b30c46\" data-element_type=\"widget\" data-widget_type=\"qt-team-member.default\">\n\t\t\t\t<div class=\"elementor-widget-container\">\n\t\t\t\n        <div class=\"team-member\">\n            <div class=\"team-member-image\">\n                \n                <img loading=\"lazy\" decoding=\"async\" width=\"1840\" height=\"2439\" src=\"https:\/\/zeba-gartengestaltung.de\/wp-content\/uploads\/2023\/03\/Josip-Zeba-scaled-e1678377881751.jpeg\" class=\"attachment-full size-full wp-image-7843\" alt=\"\" srcset=\"https:\/\/zeba-gartengestaltung.de\/wp-content\/uploads\/2023\/03\/Josip-Zeba-scaled-e1678377881751.jpeg 1840w, https:\/\/zeba-gartengestaltung.de\/wp-content\/uploads\/2023\/03\/Josip-Zeba-scaled-e1678377881751-226x300.jpeg 226w, https:\/\/zeba-gartengestaltung.de\/wp-content\/uploads\/2023\/03\/Josip-Zeba-scaled-e1678377881751-773x1024.jpeg 773w, https:\/\/zeba-gartengestaltung.de\/wp-content\/uploads\/2023\/03\/Josip-Zeba-scaled-e1678377881751-768x1018.jpeg 768w, https:\/\/zeba-gartengestaltung.de\/wp-content\/uploads\/2023\/03\/Josip-Zeba-scaled-e1678377881751-1159x1536.jpeg 1159w, https:\/\/zeba-gartengestaltung.de\/wp-content\/uploads\/2023\/03\/Josip-Zeba-scaled-e1678377881751-1545x2048.jpeg 1545w, https:\/\/zeba-gartengestaltung.de\/wp-content\/uploads\/2023\/03\/Josip-Zeba-scaled-e1678377881751-600x795.jpeg 600w\" sizes=\"auto, (max-width: 1840px) 100vw, 1840px\" \/>\n                            <\/div>\n\n            <div class=\"team-member-content\">\n                                    <h5 class=\"team-member-name\">Josip Zeba<\/h5>\n                                                    <span class=\"team-member-tag\">Gesch\u00e4ftsf\u00fchrung<\/span>\n                                                    <p class=\"team-member-description\">Management \/ Einkauf \/ Kalkulator \/ Ausbilder <\/p>\n                                            <\/div>\n        <\/div>\n\n\n        \t\t<\/div>\n\t\t\t\t<\/div>\n\t\t\t\t\t\t<\/div>\n\t\t\t\t\t<\/div>\n\t\t<\/div>\n\t\t\t\t\t\t\t\t<\/div>\n\t\t\t\t\t<\/div>\n\t\t<\/section>\n\t\t\t\t<section class=\"elementor-section elementor-top-section elementor-element elementor-element-878c5a9 elementor-section-boxed elementor-section-height-default elementor-section-height-default\" data-id=\"878c5a9\" data-element_type=\"section\">\n\t\t\t\t\t\t<div class=\"elementor-container elementor-column-gap-extended\">\n\t\t\t\t\t\t\t<div class=\"elementor-row\">\n\t\t\t\t\t<div class=\"elementor-column elementor-col-33 elementor-top-column elementor-element elementor-element-5a2ce31\" data-id=\"5a2ce31\" data-element_type=\"column\">\n\t\t\t<div class=\"elementor-column-wrap elementor-element-populated\">\n\t\t\t\t\t\t\t<div class=\"elementor-widget-wrap\">\n\t\t\t\t\t\t<div class=\"elementor-element elementor-element-2793c5f elementor-widget elementor-widget-qt-team-member\" data-id=\"2793c5f\" data-element_type=\"widget\" data-widget_type=\"qt-team-member.default\">\n\t\t\t\t<div class=\"elementor-widget-container\">\n\t\t\t\n        <div class=\"team-member\">\n            <div class=\"team-member-image\">\n                \n                <img loading=\"lazy\" decoding=\"async\" width=\"1920\" height=\"2560\" src=\"https:\/\/zeba-gartengestaltung.de\/wp-content\/uploads\/2023\/03\/Valdimir-Mirkovic-scaled.jpeg\" class=\"attachment-full size-full wp-image-7842\" alt=\"\" srcset=\"https:\/\/zeba-gartengestaltung.de\/wp-content\/uploads\/2023\/03\/Valdimir-Mirkovic-scaled.jpeg 1920w, https:\/\/zeba-gartengestaltung.de\/wp-content\/uploads\/2023\/03\/Valdimir-Mirkovic-225x300.jpeg 225w, https:\/\/zeba-gartengestaltung.de\/wp-content\/uploads\/2023\/03\/Valdimir-Mirkovic-768x1024.jpeg 768w, https:\/\/zeba-gartengestaltung.de\/wp-content\/uploads\/2023\/03\/Valdimir-Mirkovic-1152x1536.jpeg 1152w, https:\/\/zeba-gartengestaltung.de\/wp-content\/uploads\/2023\/03\/Valdimir-Mirkovic-1536x2048.jpeg 1536w, https:\/\/zeba-gartengestaltung.de\/wp-content\/uploads\/2023\/03\/Valdimir-Mirkovic-600x800.jpeg 600w\" sizes=\"auto, (max-width: 1920px) 100vw, 1920px\" \/>\n                            <\/div>\n\n            <div class=\"team-member-content\">\n                                    <h5 class=\"team-member-name\">Vladimir Mirkovic<\/h5>\n                                                    <span class=\"team-member-tag\">Diplom Ing.<\/span>\n                                                    <p class=\"team-member-description\">Projektentwicklung \/ Abrechnung \/ Kalkulation<\/p>\n                                            <\/div>\n        <\/div>\n\n\n        \t\t<\/div>\n\t\t\t\t<\/div>\n\t\t\t\t\t\t<\/div>\n\t\t\t\t\t<\/div>\n\t\t<\/div>\n\t\t\t\t<div class=\"elementor-column elementor-col-33 elementor-top-column elementor-element elementor-element-7a0e760\" data-id=\"7a0e760\" data-element_type=\"column\">\n\t\t\t<div class=\"elementor-column-wrap elementor-element-populated\">\n\t\t\t\t\t\t\t<div class=\"elementor-widget-wrap\">\n\t\t\t\t\t\t<div class=\"elementor-element elementor-element-8630a5b elementor-widget elementor-widget-qt-team-member\" data-id=\"8630a5b\" data-element_type=\"widget\" data-widget_type=\"qt-team-member.default\">\n\t\t\t\t<div class=\"elementor-widget-container\">\n\t\t\t\n        <div class=\"team-member\">\n            <div class=\"team-member-image\">\n                \n                <img loading=\"lazy\" decoding=\"async\" width=\"1920\" height=\"2560\" src=\"https:\/\/zeba-gartengestaltung.de\/wp-content\/uploads\/2023\/03\/Jelena-Zeba-scaled.jpeg\" class=\"attachment-full size-full wp-image-7840\" alt=\"\" srcset=\"https:\/\/zeba-gartengestaltung.de\/wp-content\/uploads\/2023\/03\/Jelena-Zeba-scaled.jpeg 1920w, https:\/\/zeba-gartengestaltung.de\/wp-content\/uploads\/2023\/03\/Jelena-Zeba-225x300.jpeg 225w, https:\/\/zeba-gartengestaltung.de\/wp-content\/uploads\/2023\/03\/Jelena-Zeba-768x1024.jpeg 768w, https:\/\/zeba-gartengestaltung.de\/wp-content\/uploads\/2023\/03\/Jelena-Zeba-1152x1536.jpeg 1152w, https:\/\/zeba-gartengestaltung.de\/wp-content\/uploads\/2023\/03\/Jelena-Zeba-1536x2048.jpeg 1536w, https:\/\/zeba-gartengestaltung.de\/wp-content\/uploads\/2023\/03\/Jelena-Zeba-600x800.jpeg 600w\" sizes=\"auto, (max-width: 1920px) 100vw, 1920px\" \/>\n                            <\/div>\n\n            <div class=\"team-member-content\">\n                                    <h5 class=\"team-member-name\">Jelena Zeba<\/h5>\n                                                    <span class=\"team-member-tag\">Prokuristin<\/span>\n                                                    <p class=\"team-member-description\">Personalmanagement \/ Einkauf \/ Finanzen <\/p>\n                                            <\/div>\n        <\/div>\n\n\n        \t\t<\/div>\n\t\t\t\t<\/div>\n\t\t\t\t\t\t<\/div>\n\t\t\t\t\t<\/div>\n\t\t<\/div>\n\t\t\t\t<div class=\"elementor-column elementor-col-33 elementor-top-column elementor-element elementor-element-a1ce4e4\" data-id=\"a1ce4e4\" data-element_type=\"column\">\n\t\t\t<div class=\"elementor-column-wrap elementor-element-populated\">\n\t\t\t\t\t\t\t<div class=\"elementor-widget-wrap\">\n\t\t\t\t\t\t<div class=\"elementor-element elementor-element-8a64c04 elementor-widget elementor-widget-qt-team-member\" data-id=\"8a64c04\" data-element_type=\"widget\" data-widget_type=\"qt-team-member.default\">\n\t\t\t\t<div class=\"elementor-widget-container\">\n\t\t\t\n        <div class=\"team-member\">\n            <div class=\"team-member-image\">\n                \n                <img loading=\"lazy\" decoding=\"async\" width=\"1920\" height=\"2560\" src=\"https:\/\/zeba-gartengestaltung.de\/wp-content\/uploads\/2023\/03\/Alexandra-Schlieser-scaled.jpeg\" class=\"attachment-full size-full wp-image-7841\" alt=\"\" srcset=\"https:\/\/zeba-gartengestaltung.de\/wp-content\/uploads\/2023\/03\/Alexandra-Schlieser-scaled.jpeg 1920w, https:\/\/zeba-gartengestaltung.de\/wp-content\/uploads\/2023\/03\/Alexandra-Schlieser-225x300.jpeg 225w, https:\/\/zeba-gartengestaltung.de\/wp-content\/uploads\/2023\/03\/Alexandra-Schlieser-768x1024.jpeg 768w, https:\/\/zeba-gartengestaltung.de\/wp-content\/uploads\/2023\/03\/Alexandra-Schlieser-1152x1536.jpeg 1152w, https:\/\/zeba-gartengestaltung.de\/wp-content\/uploads\/2023\/03\/Alexandra-Schlieser-1536x2048.jpeg 1536w, https:\/\/zeba-gartengestaltung.de\/wp-content\/uploads\/2023\/03\/Alexandra-Schlieser-600x800.jpeg 600w\" sizes=\"auto, (max-width: 1920px) 100vw, 1920px\" \/>\n                            <\/div>\n\n            <div class=\"team-member-content\">\n                                    <h5 class=\"team-member-name\">Alexandra Schlie\u00dfer<\/h5>\n                                                    <span class=\"team-member-tag\">Chefsekret\u00e4rin<\/span>\n                                                    <p class=\"team-member-description\">Buchaltung \/ Einkauf \/ Projektvorbereitung<\/p>\n                                            <\/div>\n        <\/div>\n\n\n        \t\t<\/div>\n\t\t\t\t<\/div>\n\t\t\t\t\t\t<\/div>\n\t\t\t\t\t<\/div>\n\t\t<\/div>\n\t\t\t\t\t\t\t\t<\/div>\n\t\t\t\t\t<\/div>\n\t\t<\/section>\n\t\t\t\t\t\t\t\t\t<\/div>\n\t\t\t<\/div>\n\t\t\t\t\t<\/div>\n\t\t","protected":false},"excerpt":{"rendered":"<p>Curabitur sodales ligula in libero. Sed dignissim lacinia nunc. Curabitur tortor. Pellentesque nibh. Aenean quam. In scelerisque sem at dolor. Maecenas mattis. Sed convallis tristique sem. Proin ut ligula vel nunc egestas porttitor. Morbi lectus risus, iaculis vel, suscipit quis, luctus non, massa.<\/p>\n","protected":false},"author":1,"featured_media":0,"parent":0,"menu_order":0,"comment_status":"closed","ping_status":"closed","template":"","meta":{"footnotes":""},"class_list":["post-181","page","type-page","status-publish","hentry"],"acf":[],"_links":{"self":[{"href":"https:\/\/zeba-gartengestaltung.de\/index.php\/wp-json\/wp\/v2\/pages\/181","targetHints":{"allow":["GET"]}}],"collection":[{"href":"https:\/\/zeba-gartengestaltung.de\/index.php\/wp-json\/wp\/v2\/pages"}],"about":[{"href":"https:\/\/zeba-gartengestaltung.de\/index.php\/wp-json\/wp\/v2\/types\/page"}],"author":[{"embeddable":true,"href":"https:\/\/zeba-gartengestaltung.de\/index.php\/wp-json\/wp\/v2\/users\/1"}],"replies":[{"embeddable":true,"href":"https:\/\/zeba-gartengestaltung.de\/index.php\/wp-json\/wp\/v2\/comments?post=181"}],"version-history":[{"count":68,"href":"https:\/\/zeba-gartengestaltung.de\/index.php\/wp-json\/wp\/v2\/pages\/181\/revisions"}],"predecessor-version":[{"id":8535,"href":"https:\/\/zeba-gartengestaltung.de\/index.php\/wp-json\/wp\/v2\/pages\/181\/revisions\/8535"}],"wp:attachment":[{"href":"https:\/\/zeba-gartengestaltung.de\/index.php\/wp-json\/wp\/v2\/media?parent=181"}],"curies":[{"name":"wp","href":"https:\/\/api.w.org\/{rel}","templated":true}]}}