{"id":7810,"date":"2023-03-08T13:31:10","date_gmt":"2023-03-08T13:31:10","guid":{"rendered":"https:\/\/zeba-gartengestaltung.de\/?page_id=7810"},"modified":"2023-03-21T15:25:12","modified_gmt":"2023-03-21T15:25:12","slug":"gartengestaltung","status":"publish","type":"page","link":"https:\/\/zeba-gartengestaltung.de\/index.php\/gartengestaltung\/","title":{"rendered":"Gartengestaltung"},"content":{"rendered":"\t\t<div data-elementor-type=\"wp-page\" data-elementor-id=\"7810\" class=\"elementor elementor-7810\">\n\t\t\t\t\t\t<div class=\"elementor-inner\">\n\t\t\t\t<div class=\"elementor-section-wrap\">\n\t\t\t\t\t\t\t\t\t<section class=\"elementor-section elementor-top-section elementor-element elementor-element-550b28e elementor-section-boxed elementor-section-height-default elementor-section-height-default\" data-id=\"550b28e\" data-element_type=\"section\">\n\t\t\t\t\t\t<div class=\"elementor-container elementor-column-gap-extended\">\n\t\t\t\t\t\t\t<div class=\"elementor-row\">\n\t\t\t\t\t<div class=\"elementor-column elementor-col-33 elementor-top-column elementor-element elementor-element-94c6e18\" data-id=\"94c6e18\" data-element_type=\"column\">\n\t\t\t<div class=\"elementor-column-wrap elementor-element-populated\">\n\t\t\t\t\t\t\t<div class=\"elementor-widget-wrap\">\n\t\t\t\t\t\t<div class=\"elementor-element elementor-element-d3a9d35 elementor-widget elementor-widget-image\" data-id=\"d3a9d35\" data-element_type=\"widget\" data-widget_type=\"image.default\">\n\t\t\t\t<div class=\"elementor-widget-container\">\n\t\t\t<style>\/*! elementor - v3.17.0 - 08-11-2023 *\/\n.elementor-widget-image{text-align:center}.elementor-widget-image a{display:inline-block}.elementor-widget-image a img[src$=\".svg\"]{width:48px}.elementor-widget-image img{vertical-align:middle;display:inline-block}<\/style>\t\t\t\t\t<div class=\"elementor-image\">\n\t\t\t\t\t\t\t\t\t\t\t\t<img loading=\"lazy\" decoding=\"async\" width=\"1024\" height=\"558\" src=\"https:\/\/zeba-gartengestaltung.de\/wp-content\/uploads\/2023\/03\/flower-2276258-scaled-e1678801516215-1024x558.jpg\" class=\"attachment-large size-large wp-image-8211\" alt=\"\" srcset=\"https:\/\/zeba-gartengestaltung.de\/wp-content\/uploads\/2023\/03\/flower-2276258-scaled-e1678801516215-1024x558.jpg 1024w, https:\/\/zeba-gartengestaltung.de\/wp-content\/uploads\/2023\/03\/flower-2276258-scaled-e1678801516215-300x163.jpg 300w, https:\/\/zeba-gartengestaltung.de\/wp-content\/uploads\/2023\/03\/flower-2276258-scaled-e1678801516215-768x418.jpg 768w, https:\/\/zeba-gartengestaltung.de\/wp-content\/uploads\/2023\/03\/flower-2276258-scaled-e1678801516215-1536x836.jpg 1536w, https:\/\/zeba-gartengestaltung.de\/wp-content\/uploads\/2023\/03\/flower-2276258-scaled-e1678801516215-2048x1115.jpg 2048w, https:\/\/zeba-gartengestaltung.de\/wp-content\/uploads\/2023\/03\/flower-2276258-scaled-e1678801516215-600x327.jpg 600w\" sizes=\"auto, (max-width: 1024px) 100vw, 1024px\" \/>\t\t\t\t\t\t\t\t\t\t\t\t\t\t<\/div>\n\t\t\t\t\t\t<\/div>\n\t\t\t\t<\/div>\n\t\t\t\t<div class=\"elementor-element elementor-element-dbb149d elementor-widget elementor-widget-heading\" data-id=\"dbb149d\" data-element_type=\"widget\" data-widget_type=\"heading.default\">\n\t\t\t\t<div class=\"elementor-widget-container\">\n\t\t\t<style>\/*! elementor - v3.17.0 - 08-11-2023 *\/\n.elementor-heading-title{padding:0;margin:0;line-height:1}.elementor-widget-heading .elementor-heading-title[class*=elementor-size-]>a{color:inherit;font-size:inherit;line-height:inherit}.elementor-widget-heading .elementor-heading-title.elementor-size-small{font-size:15px}.elementor-widget-heading .elementor-heading-title.elementor-size-medium{font-size:19px}.elementor-widget-heading .elementor-heading-title.elementor-size-large{font-size:29px}.elementor-widget-heading .elementor-heading-title.elementor-size-xl{font-size:39px}.elementor-widget-heading .elementor-heading-title.elementor-size-xxl{font-size:59px}<\/style><h2 class=\"elementor-heading-title elementor-size-default\">Gartenbau<\/h2>\t\t<\/div>\n\t\t\t\t<\/div>\n\t\t\t\t<div class=\"elementor-element elementor-element-3499247 elementor-widget elementor-widget-text-editor\" data-id=\"3499247\" data-element_type=\"widget\" data-widget_type=\"text-editor.default\">\n\t\t\t\t<div class=\"elementor-widget-container\">\n\t\t\t<style>\/*! elementor - v3.17.0 - 08-11-2023 *\/\n.elementor-widget-text-editor.elementor-drop-cap-view-stacked .elementor-drop-cap{background-color:#69727d;color:#fff}.elementor-widget-text-editor.elementor-drop-cap-view-framed .elementor-drop-cap{color:#69727d;border:3px solid;background-color:transparent}.elementor-widget-text-editor:not(.elementor-drop-cap-view-default) .elementor-drop-cap{margin-top:8px}.elementor-widget-text-editor:not(.elementor-drop-cap-view-default) .elementor-drop-cap-letter{width:1em;height:1em}.elementor-widget-text-editor .elementor-drop-cap{float:left;text-align:center;line-height:1;font-size:50px}.elementor-widget-text-editor .elementor-drop-cap-letter{display:inline-block}<\/style>\t\t\t\t\t<div class=\"elementor-text-editor elementor-clearfix\">\n\t\t\t\t<p><span style=\"color: #000000;\">komplette Gestaltung von Au\u00dfenanlagen:<\/span><br \/><span style=\"color: #000000;\">z.B bei \u00f6ffentlichen Geb\u00e4uden wie Schulen, Kinderg\u00e4rten, Sport- und Spielpl\u00e4tzen sowie Friedh\u00f6fen aber auch im Wohn- und Siedlungsbau<\/span><\/p>\t\t\t\t\t<\/div>\n\t\t\t\t\t\t<\/div>\n\t\t\t\t<\/div>\n\t\t\t\t<div class=\"elementor-element elementor-element-1ea8c48 elementor-widget elementor-widget-spacer\" data-id=\"1ea8c48\" data-element_type=\"widget\" data-widget_type=\"spacer.default\">\n\t\t\t\t<div class=\"elementor-widget-container\">\n\t\t\t<style>\/*! elementor - v3.17.0 - 08-11-2023 *\/\n.elementor-column .elementor-spacer-inner{height:var(--spacer-size)}.e-con{--container-widget-width:100%}.e-con-inner>.elementor-widget-spacer,.e-con>.elementor-widget-spacer{width:var(--container-widget-width,var(--spacer-size));--align-self:var(--container-widget-align-self,initial);--flex-shrink:0}.e-con-inner>.elementor-widget-spacer>.elementor-widget-container,.e-con>.elementor-widget-spacer>.elementor-widget-container{height:100%;width:100%}.e-con-inner>.elementor-widget-spacer>.elementor-widget-container>.elementor-spacer,.e-con>.elementor-widget-spacer>.elementor-widget-container>.elementor-spacer{height:100%}.e-con-inner>.elementor-widget-spacer>.elementor-widget-container>.elementor-spacer>.elementor-spacer-inner,.e-con>.elementor-widget-spacer>.elementor-widget-container>.elementor-spacer>.elementor-spacer-inner{height:var(--container-widget-height,var(--spacer-size))}.e-con-inner>.elementor-widget-spacer.elementor-widget-empty,.e-con>.elementor-widget-spacer.elementor-widget-empty{position:relative;min-height:22px;min-width:22px}.e-con-inner>.elementor-widget-spacer.elementor-widget-empty .elementor-widget-empty-icon,.e-con>.elementor-widget-spacer.elementor-widget-empty .elementor-widget-empty-icon{position:absolute;top:0;bottom:0;left:0;right:0;margin:auto;padding:0;width:22px;height:22px}<\/style>\t\t<div class=\"elementor-spacer\">\n\t\t\t<div class=\"elementor-spacer-inner\"><\/div>\n\t\t<\/div>\n\t\t\t\t<\/div>\n\t\t\t\t<\/div>\n\t\t\t\t<div class=\"elementor-element elementor-element-acedce6 elementor-widget elementor-widget-image\" data-id=\"acedce6\" data-element_type=\"widget\" data-widget_type=\"image.default\">\n\t\t\t\t<div class=\"elementor-widget-container\">\n\t\t\t\t\t\t\t\t<div class=\"elementor-image\">\n\t\t\t\t\t\t\t\t\t\t\t\t<img loading=\"lazy\" decoding=\"async\" width=\"1024\" height=\"576\" src=\"https:\/\/zeba-gartengestaltung.de\/wp-content\/uploads\/2023\/03\/pexels-mike-b-242258-1024x576.jpg\" class=\"attachment-large size-large wp-image-8215\" alt=\"\" srcset=\"https:\/\/zeba-gartengestaltung.de\/wp-content\/uploads\/2023\/03\/pexels-mike-b-242258-1024x576.jpg 1024w, https:\/\/zeba-gartengestaltung.de\/wp-content\/uploads\/2023\/03\/pexels-mike-b-242258-300x169.jpg 300w, https:\/\/zeba-gartengestaltung.de\/wp-content\/uploads\/2023\/03\/pexels-mike-b-242258-768x432.jpg 768w, https:\/\/zeba-gartengestaltung.de\/wp-content\/uploads\/2023\/03\/pexels-mike-b-242258-1536x864.jpg 1536w, https:\/\/zeba-gartengestaltung.de\/wp-content\/uploads\/2023\/03\/pexels-mike-b-242258-2048x1152.jpg 2048w, https:\/\/zeba-gartengestaltung.de\/wp-content\/uploads\/2023\/03\/pexels-mike-b-242258-850x479.jpg 850w, https:\/\/zeba-gartengestaltung.de\/wp-content\/uploads\/2023\/03\/pexels-mike-b-242258-360x203.jpg 360w, https:\/\/zeba-gartengestaltung.de\/wp-content\/uploads\/2023\/03\/pexels-mike-b-242258-600x338.jpg 600w\" sizes=\"auto, (max-width: 1024px) 100vw, 1024px\" \/>\t\t\t\t\t\t\t\t\t\t\t\t\t\t<\/div>\n\t\t\t\t\t\t<\/div>\n\t\t\t\t<\/div>\n\t\t\t\t<div class=\"elementor-element elementor-element-c89076f elementor-widget elementor-widget-heading\" data-id=\"c89076f\" data-element_type=\"widget\" data-widget_type=\"heading.default\">\n\t\t\t\t<div class=\"elementor-widget-container\">\n\t\t\t<h2 class=\"elementor-heading-title elementor-size-default\">Teichbau<\/h2>\t\t<\/div>\n\t\t\t\t<\/div>\n\t\t\t\t<div class=\"elementor-element elementor-element-eedba1d elementor-widget elementor-widget-text-editor\" data-id=\"eedba1d\" data-element_type=\"widget\" data-widget_type=\"text-editor.default\">\n\t\t\t\t<div class=\"elementor-widget-container\">\n\t\t\t\t\t\t\t\t<div class=\"elementor-text-editor elementor-clearfix\">\n\t\t\t\t<ul><li><span style=\"color: #000000;\">Teichbau mit Bepflanzung bei Privatprojekten<\/span><\/li><li><span style=\"color: #000000;\">bei \u00f6ffentlicher Hand meist Brunnen mit Wasserspiel<\/span><\/li><\/ul>\t\t\t\t\t<\/div>\n\t\t\t\t\t\t<\/div>\n\t\t\t\t<\/div>\n\t\t\t\t<div class=\"elementor-element elementor-element-22061a8 elementor-widget elementor-widget-text-editor\" data-id=\"22061a8\" data-element_type=\"widget\" data-widget_type=\"text-editor.default\">\n\t\t\t\t<div class=\"elementor-widget-container\">\n\t\t\t\t\t\t\t\t<div class=\"elementor-text-editor elementor-clearfix\">\n\t\t\t\t\t\t\t\t\t<\/div>\n\t\t\t\t\t\t<\/div>\n\t\t\t\t<\/div>\n\t\t\t\t<div class=\"elementor-element elementor-element-71435e0 elementor-widget elementor-widget-text-editor\" data-id=\"71435e0\" data-element_type=\"widget\" data-widget_type=\"text-editor.default\">\n\t\t\t\t<div class=\"elementor-widget-container\">\n\t\t\t\t\t\t\t\t<div class=\"elementor-text-editor elementor-clearfix\">\n\t\t\t\t\t\t\t\t\t<\/div>\n\t\t\t\t\t\t<\/div>\n\t\t\t\t<\/div>\n\t\t\t\t\t\t<\/div>\n\t\t\t\t\t<\/div>\n\t\t<\/div>\n\t\t\t\t<div class=\"elementor-column elementor-col-33 elementor-top-column elementor-element elementor-element-00a661d\" data-id=\"00a661d\" data-element_type=\"column\">\n\t\t\t<div class=\"elementor-column-wrap elementor-element-populated\">\n\t\t\t\t\t\t\t<div class=\"elementor-widget-wrap\">\n\t\t\t\t\t\t<div class=\"elementor-element elementor-element-514b8ce elementor-widget elementor-widget-image\" data-id=\"514b8ce\" data-element_type=\"widget\" data-widget_type=\"image.default\">\n\t\t\t\t<div class=\"elementor-widget-container\">\n\t\t\t\t\t\t\t\t<div class=\"elementor-image\">\n\t\t\t\t\t\t\t\t\t\t\t\t<img loading=\"lazy\" decoding=\"async\" width=\"1024\" height=\"560\" src=\"https:\/\/zeba-gartengestaltung.de\/wp-content\/uploads\/2023\/03\/pexels-valiphotos-589802-scaled-e1678801121759-1024x560.jpg\" class=\"attachment-large size-large wp-image-8208\" alt=\"\" srcset=\"https:\/\/zeba-gartengestaltung.de\/wp-content\/uploads\/2023\/03\/pexels-valiphotos-589802-scaled-e1678801121759-1024x560.jpg 1024w, https:\/\/zeba-gartengestaltung.de\/wp-content\/uploads\/2023\/03\/pexels-valiphotos-589802-scaled-e1678801121759-300x164.jpg 300w, https:\/\/zeba-gartengestaltung.de\/wp-content\/uploads\/2023\/03\/pexels-valiphotos-589802-scaled-e1678801121759-768x420.jpg 768w, https:\/\/zeba-gartengestaltung.de\/wp-content\/uploads\/2023\/03\/pexels-valiphotos-589802-scaled-e1678801121759-1536x841.jpg 1536w, https:\/\/zeba-gartengestaltung.de\/wp-content\/uploads\/2023\/03\/pexels-valiphotos-589802-scaled-e1678801121759-2048x1121.jpg 2048w, https:\/\/zeba-gartengestaltung.de\/wp-content\/uploads\/2023\/03\/pexels-valiphotos-589802-scaled-e1678801121759-600x328.jpg 600w\" sizes=\"auto, (max-width: 1024px) 100vw, 1024px\" \/>\t\t\t\t\t\t\t\t\t\t\t\t\t\t<\/div>\n\t\t\t\t\t\t<\/div>\n\t\t\t\t<\/div>\n\t\t\t\t<div class=\"elementor-element elementor-element-5703de0 elementor-widget elementor-widget-heading\" data-id=\"5703de0\" data-element_type=\"widget\" data-widget_type=\"heading.default\">\n\t\t\t\t<div class=\"elementor-widget-container\">\n\t\t\t<h2 class=\"elementor-heading-title elementor-size-default\">Baumpflege<\/h2>\t\t<\/div>\n\t\t\t\t<\/div>\n\t\t\t\t<div class=\"elementor-element elementor-element-b1809a3 elementor-widget elementor-widget-text-editor\" data-id=\"b1809a3\" data-element_type=\"widget\" data-widget_type=\"text-editor.default\">\n\t\t\t\t<div class=\"elementor-widget-container\">\n\t\t\t\t\t\t\t\t<div class=\"elementor-text-editor elementor-clearfix\">\n\t\t\t\t<ul><li><span style=\"color: #000000;\">Baumschnitt<\/span><\/li><li><span style=\"color: #000000;\">Regul\u00e4re Baumpflege<\/span><\/li><li><span style=\"color: #000000;\">Baumstumpf-Entfernung \/ Wurzelfr\u00e4sen<\/span><\/li><li><span style=\"color: #000000;\">Baumpflanzung \/ Ersatzpflanzung<\/span><\/li><li><span style=\"color: #000000;\">Baumf\u00e4llung<\/span><\/li><\/ul>\t\t\t\t\t<\/div>\n\t\t\t\t\t\t<\/div>\n\t\t\t\t<\/div>\n\t\t\t\t<div class=\"elementor-element elementor-element-a1fcfe3 elementor-widget elementor-widget-spacer\" data-id=\"a1fcfe3\" data-element_type=\"widget\" data-widget_type=\"spacer.default\">\n\t\t\t\t<div class=\"elementor-widget-container\">\n\t\t\t\t\t<div class=\"elementor-spacer\">\n\t\t\t<div class=\"elementor-spacer-inner\"><\/div>\n\t\t<\/div>\n\t\t\t\t<\/div>\n\t\t\t\t<\/div>\n\t\t\t\t<div class=\"elementor-element elementor-element-4c34dc0 elementor-widget elementor-widget-image\" data-id=\"4c34dc0\" data-element_type=\"widget\" data-widget_type=\"image.default\">\n\t\t\t\t<div class=\"elementor-widget-container\">\n\t\t\t\t\t\t\t\t<div class=\"elementor-image\">\n\t\t\t\t\t\t\t\t\t\t\t\t<img loading=\"lazy\" decoding=\"async\" width=\"1024\" height=\"576\" src=\"https:\/\/zeba-gartengestaltung.de\/wp-content\/uploads\/2023\/03\/wall-5395102-scaled-e1678801660214-1024x576.jpg\" class=\"attachment-large size-large wp-image-8216\" alt=\"\" srcset=\"https:\/\/zeba-gartengestaltung.de\/wp-content\/uploads\/2023\/03\/wall-5395102-scaled-e1678801660214-1024x576.jpg 1024w, https:\/\/zeba-gartengestaltung.de\/wp-content\/uploads\/2023\/03\/wall-5395102-scaled-e1678801660214-300x169.jpg 300w, https:\/\/zeba-gartengestaltung.de\/wp-content\/uploads\/2023\/03\/wall-5395102-scaled-e1678801660214-768x432.jpg 768w, https:\/\/zeba-gartengestaltung.de\/wp-content\/uploads\/2023\/03\/wall-5395102-scaled-e1678801660214-1536x863.jpg 1536w, https:\/\/zeba-gartengestaltung.de\/wp-content\/uploads\/2023\/03\/wall-5395102-scaled-e1678801660214-2048x1151.jpg 2048w, https:\/\/zeba-gartengestaltung.de\/wp-content\/uploads\/2023\/03\/wall-5395102-scaled-e1678801660214-850x479.jpg 850w, https:\/\/zeba-gartengestaltung.de\/wp-content\/uploads\/2023\/03\/wall-5395102-scaled-e1678801660214-360x203.jpg 360w, https:\/\/zeba-gartengestaltung.de\/wp-content\/uploads\/2023\/03\/wall-5395102-scaled-e1678801660214-600x337.jpg 600w\" sizes=\"auto, (max-width: 1024px) 100vw, 1024px\" \/>\t\t\t\t\t\t\t\t\t\t\t\t\t\t<\/div>\n\t\t\t\t\t\t<\/div>\n\t\t\t\t<\/div>\n\t\t\t\t<div class=\"elementor-element elementor-element-d7f5c67 elementor-widget elementor-widget-heading\" data-id=\"d7f5c67\" data-element_type=\"widget\" data-widget_type=\"heading.default\">\n\t\t\t\t<div class=\"elementor-widget-container\">\n\t\t\t<h2 class=\"elementor-heading-title elementor-size-default\">Trockenmauerarbeiten<\/h2>\t\t<\/div>\n\t\t\t\t<\/div>\n\t\t\t\t<div class=\"elementor-element elementor-element-ed1cccd elementor-widget elementor-widget-text-editor\" data-id=\"ed1cccd\" data-element_type=\"widget\" data-widget_type=\"text-editor.default\">\n\t\t\t\t<div class=\"elementor-widget-container\">\n\t\t\t\t\t\t\t\t<div class=\"elementor-text-editor elementor-clearfix\">\n\t\t\t\t<ul><li><span style=\"color: #000000;\">Bewehrung f\u00fcr <\/span><span style=\"color: #000000;\">das Fundament<\/span><\/li><li><span style=\"color: #000000;\">Fundament herstellen<\/span><\/li><li><span style=\"color: #000000;\">Fundament betonieren<\/span><\/li><li><span style=\"color: #000000;\">Sandstein, Muschelkalk, Granit, Basalt, Gneis ( Arten von Einbaustoffen)<\/span><\/li><\/ul>\t\t\t\t\t<\/div>\n\t\t\t\t\t\t<\/div>\n\t\t\t\t<\/div>\n\t\t\t\t\t\t<\/div>\n\t\t\t\t\t<\/div>\n\t\t<\/div>\n\t\t\t\t<div class=\"elementor-column elementor-col-33 elementor-top-column elementor-element elementor-element-a75c9b9\" data-id=\"a75c9b9\" data-element_type=\"column\">\n\t\t\t<div class=\"elementor-column-wrap elementor-element-populated\">\n\t\t\t\t\t\t\t<div class=\"elementor-widget-wrap\">\n\t\t\t\t\t\t<div class=\"elementor-element elementor-element-0f380e2 elementor-widget elementor-widget-image\" data-id=\"0f380e2\" data-element_type=\"widget\" data-widget_type=\"image.default\">\n\t\t\t\t<div class=\"elementor-widget-container\">\n\t\t\t\t\t\t\t\t<div class=\"elementor-image\">\n\t\t\t\t\t\t\t\t\t\t\t\t<img loading=\"lazy\" decoding=\"async\" width=\"1024\" height=\"555\" src=\"https:\/\/zeba-gartengestaltung.de\/wp-content\/uploads\/2023\/03\/IMG_E1220-e1678801145381-1024x555.jpg\" class=\"attachment-large size-large wp-image-8209\" alt=\"\" srcset=\"https:\/\/zeba-gartengestaltung.de\/wp-content\/uploads\/2023\/03\/IMG_E1220-e1678801145381-1024x555.jpg 1024w, https:\/\/zeba-gartengestaltung.de\/wp-content\/uploads\/2023\/03\/IMG_E1220-e1678801145381-300x163.jpg 300w, https:\/\/zeba-gartengestaltung.de\/wp-content\/uploads\/2023\/03\/IMG_E1220-e1678801145381-768x416.jpg 768w, https:\/\/zeba-gartengestaltung.de\/wp-content\/uploads\/2023\/03\/IMG_E1220-e1678801145381-600x325.jpg 600w, https:\/\/zeba-gartengestaltung.de\/wp-content\/uploads\/2023\/03\/IMG_E1220-e1678801145381.jpg 1284w\" sizes=\"auto, (max-width: 1024px) 100vw, 1024px\" \/>\t\t\t\t\t\t\t\t\t\t\t\t\t\t<\/div>\n\t\t\t\t\t\t<\/div>\n\t\t\t\t<\/div>\n\t\t\t\t<div class=\"elementor-element elementor-element-8dbb504 elementor-widget elementor-widget-heading\" data-id=\"8dbb504\" data-element_type=\"widget\" data-widget_type=\"heading.default\">\n\t\t\t\t<div class=\"elementor-widget-container\">\n\t\t\t<h2 class=\"elementor-heading-title elementor-size-default\">Landschaftsbau<\/h2>\t\t<\/div>\n\t\t\t\t<\/div>\n\t\t\t\t<div class=\"elementor-element elementor-element-ba86304 elementor-widget elementor-widget-text-editor\" data-id=\"ba86304\" data-element_type=\"widget\" data-widget_type=\"text-editor.default\">\n\t\t\t\t<div class=\"elementor-widget-container\">\n\t\t\t\t\t\t\t\t<div class=\"elementor-text-editor elementor-clearfix\">\n\t\t\t\t\t\t\t\t\t<\/div>\n\t\t\t\t\t\t<\/div>\n\t\t\t\t<\/div>\n\t\t\t\t<div class=\"elementor-element elementor-element-8442d91 elementor-widget elementor-widget-text-editor\" data-id=\"8442d91\" data-element_type=\"widget\" data-widget_type=\"text-editor.default\">\n\t\t\t\t<div class=\"elementor-widget-container\">\n\t\t\t\t\t\t\t\t<div class=\"elementor-text-editor elementor-clearfix\">\n\t\t\t\t<ul><li><span style=\"color: #000000;\">kommunale und gewerbliche Au\u00dfenanlagen<\/span><\/li><li><span style=\"color: #000000;\">Privatanlagen und G\u00e4rten<\/span><\/li><li><span style=\"color: #000000;\">Pflanzarbeiten<\/span><\/li><li><span style=\"color: #000000;\">Begr\u00fcnungsarbeiten<\/span><\/li><\/ul>\t\t\t\t\t<\/div>\n\t\t\t\t\t\t<\/div>\n\t\t\t\t<\/div>\n\t\t\t\t<div class=\"elementor-element elementor-element-5d72c87 elementor-widget elementor-widget-spacer\" data-id=\"5d72c87\" data-element_type=\"widget\" data-widget_type=\"spacer.default\">\n\t\t\t\t<div class=\"elementor-widget-container\">\n\t\t\t\t\t<div class=\"elementor-spacer\">\n\t\t\t<div class=\"elementor-spacer-inner\"><\/div>\n\t\t<\/div>\n\t\t\t\t<\/div>\n\t\t\t\t<\/div>\n\t\t\t\t<div class=\"elementor-element elementor-element-435b13e elementor-widget elementor-widget-image\" data-id=\"435b13e\" data-element_type=\"widget\" data-widget_type=\"image.default\">\n\t\t\t\t<div class=\"elementor-widget-container\">\n\t\t\t\t\t\t\t\t<div class=\"elementor-image\">\n\t\t\t\t\t\t\t\t\t\t\t\t<img loading=\"lazy\" decoding=\"async\" width=\"1024\" height=\"581\" src=\"https:\/\/zeba-gartengestaltung.de\/wp-content\/uploads\/2023\/03\/obernkirchen-sandstone-1612461-scaled-e1678801706716-1024x581.jpg\" class=\"attachment-large size-large wp-image-8218\" alt=\"\" srcset=\"https:\/\/zeba-gartengestaltung.de\/wp-content\/uploads\/2023\/03\/obernkirchen-sandstone-1612461-scaled-e1678801706716-1024x581.jpg 1024w, https:\/\/zeba-gartengestaltung.de\/wp-content\/uploads\/2023\/03\/obernkirchen-sandstone-1612461-scaled-e1678801706716-300x170.jpg 300w, https:\/\/zeba-gartengestaltung.de\/wp-content\/uploads\/2023\/03\/obernkirchen-sandstone-1612461-scaled-e1678801706716-768x436.jpg 768w, https:\/\/zeba-gartengestaltung.de\/wp-content\/uploads\/2023\/03\/obernkirchen-sandstone-1612461-scaled-e1678801706716-1536x871.jpg 1536w, https:\/\/zeba-gartengestaltung.de\/wp-content\/uploads\/2023\/03\/obernkirchen-sandstone-1612461-scaled-e1678801706716-2048x1162.jpg 2048w, https:\/\/zeba-gartengestaltung.de\/wp-content\/uploads\/2023\/03\/obernkirchen-sandstone-1612461-scaled-e1678801706716-848x480.jpg 848w, https:\/\/zeba-gartengestaltung.de\/wp-content\/uploads\/2023\/03\/obernkirchen-sandstone-1612461-scaled-e1678801706716-360x203.jpg 360w, https:\/\/zeba-gartengestaltung.de\/wp-content\/uploads\/2023\/03\/obernkirchen-sandstone-1612461-scaled-e1678801706716-600x340.jpg 600w\" sizes=\"auto, (max-width: 1024px) 100vw, 1024px\" \/>\t\t\t\t\t\t\t\t\t\t\t\t\t\t<\/div>\n\t\t\t\t\t\t<\/div>\n\t\t\t\t<\/div>\n\t\t\t\t<div class=\"elementor-element elementor-element-a1b1fb7 elementor-widget elementor-widget-heading\" data-id=\"a1b1fb7\" data-element_type=\"widget\" data-widget_type=\"heading.default\">\n\t\t\t\t<div class=\"elementor-widget-container\">\n\t\t\t<h2 class=\"elementor-heading-title elementor-size-default\">Natursteinarbeiten<\/h2>\t\t<\/div>\n\t\t\t\t<\/div>\n\t\t\t\t<div class=\"elementor-element elementor-element-7a4ff73 elementor-widget elementor-widget-text-editor\" data-id=\"7a4ff73\" data-element_type=\"widget\" data-widget_type=\"text-editor.default\">\n\t\t\t\t<div class=\"elementor-widget-container\">\n\t\t\t\t\t\t\t\t<div class=\"elementor-text-editor elementor-clearfix\">\n\t\t\t\t<ul><li><span style=\"color: #000000;\">Au\u00dfenlagen<\/span><\/li><li><span style=\"color: #000000;\">Treppenanlagen<\/span><\/li><li><span style=\"color: #000000;\">Mauerarbeiten<\/span><\/li><\/ul>\t\t\t\t\t<\/div>\n\t\t\t\t\t\t<\/div>\n\t\t\t\t<\/div>\n\t\t\t\t\t\t<\/div>\n\t\t\t\t\t<\/div>\n\t\t<\/div>\n\t\t\t\t\t\t\t\t<\/div>\n\t\t\t\t\t<\/div>\n\t\t<\/section>\n\t\t\t\t\t\t\t\t\t<\/div>\n\t\t\t<\/div>\n\t\t\t\t\t<\/div>\n\t\t","protected":false},"excerpt":{"rendered":"<p>Gartenbau komplette Gestaltung von Au\u00dfenanlagen:z.B bei \u00f6ffentlichen Geb\u00e4uden wie Schulen, Kinderg\u00e4rten, Sport- und Spielpl\u00e4tzen sowie Friedh\u00f6fen aber auch im Wohn- und Siedlungsbau Teichbau Teichbau mit Bepflanzung bei Privatprojekten bei \u00f6ffentlicher Hand meist Brunnen mit Wasserspiel Baumpflege Baumschnitt Regul\u00e4re Baumpflege Baumstumpf-Entfernung \/ Wurzelfr\u00e4sen Baumpflanzung \/ Ersatzpflanzung Baumf\u00e4llung Trockenmauerarbeiten Bewehrung f\u00fcr das Fundament Fundament herstellen Fundament betonieren [&hellip;]<\/p>\n","protected":false},"author":1,"featured_media":0,"parent":0,"menu_order":0,"comment_status":"closed","ping_status":"closed","template":"","meta":{"footnotes":""},"class_list":["post-7810","page","type-page","status-publish","hentry"],"acf":[],"_links":{"self":[{"href":"https:\/\/zeba-gartengestaltung.de\/index.php\/wp-json\/wp\/v2\/pages\/7810","targetHints":{"allow":["GET"]}}],"collection":[{"href":"https:\/\/zeba-gartengestaltung.de\/index.php\/wp-json\/wp\/v2\/pages"}],"about":[{"href":"https:\/\/zeba-gartengestaltung.de\/index.php\/wp-json\/wp\/v2\/types\/page"}],"author":[{"embeddable":true,"href":"https:\/\/zeba-gartengestaltung.de\/index.php\/wp-json\/wp\/v2\/users\/1"}],"replies":[{"embeddable":true,"href":"https:\/\/zeba-gartengestaltung.de\/index.php\/wp-json\/wp\/v2\/comments?post=7810"}],"version-history":[{"count":55,"href":"https:\/\/zeba-gartengestaltung.de\/index.php\/wp-json\/wp\/v2\/pages\/7810\/revisions"}],"predecessor-version":[{"id":8308,"href":"https:\/\/zeba-gartengestaltung.de\/index.php\/wp-json\/wp\/v2\/pages\/7810\/revisions\/8308"}],"wp:attachment":[{"href":"https:\/\/zeba-gartengestaltung.de\/index.php\/wp-json\/wp\/v2\/media?parent=7810"}],"curies":[{"name":"wp","href":"https:\/\/api.w.org\/{rel}","templated":true}]}}