{"id":921,"date":"2015-01-08T14:17:12","date_gmt":"2015-01-08T14:17:12","guid":{"rendered":"http:\/\/localhost:8888\/construction\/?page_id=2"},"modified":"2023-03-14T15:22:47","modified_gmt":"2023-03-14T15:22:47","slug":"strassenbau-tiefbau","status":"publish","type":"page","link":"https:\/\/zeba-gartengestaltung.de\/index.php\/strassenbau-tiefbau\/","title":{"rendered":"Stra\u00dfenbau\/Tiefbau"},"content":{"rendered":"\t\t<div data-elementor-type=\"wp-page\" data-elementor-id=\"921\" class=\"elementor elementor-921\">\n\t\t\t\t\t\t<div class=\"elementor-inner\">\n\t\t\t\t<div class=\"elementor-section-wrap\">\n\t\t\t\t\t\t\t\t\t<section class=\"elementor-section elementor-top-section elementor-element elementor-element-eeb126d elementor-section-boxed elementor-section-height-default elementor-section-height-default\" data-id=\"eeb126d\" data-element_type=\"section\">\n\t\t\t\t\t\t<div class=\"elementor-container elementor-column-gap-extended\">\n\t\t\t\t\t\t\t<div class=\"elementor-row\">\n\t\t\t\t\t<div class=\"elementor-column elementor-col-33 elementor-top-column elementor-element elementor-element-0d2a5da\" data-id=\"0d2a5da\" data-element_type=\"column\">\n\t\t\t<div class=\"elementor-column-wrap elementor-element-populated\">\n\t\t\t\t\t\t\t<div class=\"elementor-widget-wrap\">\n\t\t\t\t\t\t<div class=\"elementor-element elementor-element-d249580 elementor-widget elementor-widget-image\" data-id=\"d249580\" data-element_type=\"widget\" data-widget_type=\"image.default\">\n\t\t\t\t<div class=\"elementor-widget-container\">\n\t\t\t<style>\/*! elementor - v3.17.0 - 08-11-2023 *\/\n.elementor-widget-image{text-align:center}.elementor-widget-image a{display:inline-block}.elementor-widget-image a img[src$=\".svg\"]{width:48px}.elementor-widget-image img{vertical-align:middle;display:inline-block}<\/style>\t\t\t\t\t<div class=\"elementor-image\">\n\t\t\t\t\t\t\t\t\t\t\t\t<img loading=\"lazy\" decoding=\"async\" width=\"1024\" height=\"655\" src=\"https:\/\/zeba-gartengestaltung.de\/wp-content\/uploads\/2023\/03\/Strasenbau-e1678803119378-1024x655.jpg\" class=\"attachment-large size-large wp-image-8255\" alt=\"\" srcset=\"https:\/\/zeba-gartengestaltung.de\/wp-content\/uploads\/2023\/03\/Strasenbau-e1678803119378-1024x655.jpg 1024w, https:\/\/zeba-gartengestaltung.de\/wp-content\/uploads\/2023\/03\/Strasenbau-e1678803119378-300x192.jpg 300w, https:\/\/zeba-gartengestaltung.de\/wp-content\/uploads\/2023\/03\/Strasenbau-e1678803119378-768x491.jpg 768w, https:\/\/zeba-gartengestaltung.de\/wp-content\/uploads\/2023\/03\/Strasenbau-e1678803119378-600x384.jpg 600w, https:\/\/zeba-gartengestaltung.de\/wp-content\/uploads\/2023\/03\/Strasenbau-e1678803119378.jpg 1284w\" sizes=\"auto, (max-width: 1024px) 100vw, 1024px\" \/>\t\t\t\t\t\t\t\t\t\t\t\t\t\t<\/div>\n\t\t\t\t\t\t<\/div>\n\t\t\t\t<\/div>\n\t\t\t\t<div class=\"elementor-element elementor-element-e53cf47 elementor-widget elementor-widget-heading\" data-id=\"e53cf47\" data-element_type=\"widget\" data-widget_type=\"heading.default\">\n\t\t\t\t<div class=\"elementor-widget-container\">\n\t\t\t<style>\/*! elementor - v3.17.0 - 08-11-2023 *\/\n.elementor-heading-title{padding:0;margin:0;line-height:1}.elementor-widget-heading .elementor-heading-title[class*=elementor-size-]>a{color:inherit;font-size:inherit;line-height:inherit}.elementor-widget-heading .elementor-heading-title.elementor-size-small{font-size:15px}.elementor-widget-heading .elementor-heading-title.elementor-size-medium{font-size:19px}.elementor-widget-heading .elementor-heading-title.elementor-size-large{font-size:29px}.elementor-widget-heading .elementor-heading-title.elementor-size-xl{font-size:39px}.elementor-widget-heading .elementor-heading-title.elementor-size-xxl{font-size:59px}<\/style><h2 class=\"elementor-heading-title elementor-size-default\">Stra\u00dfenbau<\/h2>\t\t<\/div>\n\t\t\t\t<\/div>\n\t\t\t\t<div class=\"elementor-element elementor-element-34713fd elementor-widget elementor-widget-text-editor\" data-id=\"34713fd\" data-element_type=\"widget\" data-widget_type=\"text-editor.default\">\n\t\t\t\t<div class=\"elementor-widget-container\">\n\t\t\t<style>\/*! elementor - v3.17.0 - 08-11-2023 *\/\n.elementor-widget-text-editor.elementor-drop-cap-view-stacked .elementor-drop-cap{background-color:#69727d;color:#fff}.elementor-widget-text-editor.elementor-drop-cap-view-framed .elementor-drop-cap{color:#69727d;border:3px solid;background-color:transparent}.elementor-widget-text-editor:not(.elementor-drop-cap-view-default) .elementor-drop-cap{margin-top:8px}.elementor-widget-text-editor:not(.elementor-drop-cap-view-default) .elementor-drop-cap-letter{width:1em;height:1em}.elementor-widget-text-editor .elementor-drop-cap{float:left;text-align:center;line-height:1;font-size:50px}.elementor-widget-text-editor .elementor-drop-cap-letter{display:inline-block}<\/style>\t\t\t\t\t<div class=\"elementor-text-editor elementor-clearfix\">\n\t\t\t\t<ul><li><span style=\"color: #000000;\">Stra\u00dfensanierungen<\/span><\/li><li><span style=\"color: #000000;\">Instandsetzungen<\/span><\/li><li><span style=\"color: #000000;\">Ortskernsanierungen<\/span><\/li><li><span style=\"color: #000000;\">Belagsanierungen<\/span><\/li><li><span style=\"color: #000000;\">Parkpl\u00e4tze<\/span><\/li><li><span style=\"color: #000000;\">Gehwege<\/span><\/li><\/ul>\t\t\t\t\t<\/div>\n\t\t\t\t\t\t<\/div>\n\t\t\t\t<\/div>\n\t\t\t\t<div class=\"elementor-element elementor-element-509609a elementor-widget elementor-widget-spacer\" data-id=\"509609a\" data-element_type=\"widget\" data-widget_type=\"spacer.default\">\n\t\t\t\t<div class=\"elementor-widget-container\">\n\t\t\t<style>\/*! elementor - v3.17.0 - 08-11-2023 *\/\n.elementor-column .elementor-spacer-inner{height:var(--spacer-size)}.e-con{--container-widget-width:100%}.e-con-inner>.elementor-widget-spacer,.e-con>.elementor-widget-spacer{width:var(--container-widget-width,var(--spacer-size));--align-self:var(--container-widget-align-self,initial);--flex-shrink:0}.e-con-inner>.elementor-widget-spacer>.elementor-widget-container,.e-con>.elementor-widget-spacer>.elementor-widget-container{height:100%;width:100%}.e-con-inner>.elementor-widget-spacer>.elementor-widget-container>.elementor-spacer,.e-con>.elementor-widget-spacer>.elementor-widget-container>.elementor-spacer{height:100%}.e-con-inner>.elementor-widget-spacer>.elementor-widget-container>.elementor-spacer>.elementor-spacer-inner,.e-con>.elementor-widget-spacer>.elementor-widget-container>.elementor-spacer>.elementor-spacer-inner{height:var(--container-widget-height,var(--spacer-size))}.e-con-inner>.elementor-widget-spacer.elementor-widget-empty,.e-con>.elementor-widget-spacer.elementor-widget-empty{position:relative;min-height:22px;min-width:22px}.e-con-inner>.elementor-widget-spacer.elementor-widget-empty .elementor-widget-empty-icon,.e-con>.elementor-widget-spacer.elementor-widget-empty .elementor-widget-empty-icon{position:absolute;top:0;bottom:0;left:0;right:0;margin:auto;padding:0;width:22px;height:22px}<\/style>\t\t<div class=\"elementor-spacer\">\n\t\t\t<div class=\"elementor-spacer-inner\"><\/div>\n\t\t<\/div>\n\t\t\t\t<\/div>\n\t\t\t\t<\/div>\n\t\t\t\t<div class=\"elementor-element elementor-element-37e9d1a elementor-widget elementor-widget-image\" data-id=\"37e9d1a\" data-element_type=\"widget\" data-widget_type=\"image.default\">\n\t\t\t\t<div class=\"elementor-widget-container\">\n\t\t\t\t\t\t\t\t<div class=\"elementor-image\">\n\t\t\t\t\t\t\t\t\t\t\t\t<img loading=\"lazy\" decoding=\"async\" width=\"1024\" height=\"688\" src=\"https:\/\/zeba-gartengestaltung.de\/wp-content\/uploads\/2023\/03\/construction-391597-scaled-e1678802811573-1024x688.jpg\" class=\"attachment-large size-large wp-image-8246\" alt=\"\" srcset=\"https:\/\/zeba-gartengestaltung.de\/wp-content\/uploads\/2023\/03\/construction-391597-scaled-e1678802811573-1024x688.jpg 1024w, https:\/\/zeba-gartengestaltung.de\/wp-content\/uploads\/2023\/03\/construction-391597-scaled-e1678802811573-300x202.jpg 300w, https:\/\/zeba-gartengestaltung.de\/wp-content\/uploads\/2023\/03\/construction-391597-scaled-e1678802811573-768x516.jpg 768w, https:\/\/zeba-gartengestaltung.de\/wp-content\/uploads\/2023\/03\/construction-391597-scaled-e1678802811573-1536x1033.jpg 1536w, https:\/\/zeba-gartengestaltung.de\/wp-content\/uploads\/2023\/03\/construction-391597-scaled-e1678802811573-2048x1377.jpg 2048w, https:\/\/zeba-gartengestaltung.de\/wp-content\/uploads\/2023\/03\/construction-391597-scaled-e1678802811573-600x403.jpg 600w\" sizes=\"auto, (max-width: 1024px) 100vw, 1024px\" \/>\t\t\t\t\t\t\t\t\t\t\t\t\t\t<\/div>\n\t\t\t\t\t\t<\/div>\n\t\t\t\t<\/div>\n\t\t\t\t<div class=\"elementor-element elementor-element-40c79a9 elementor-widget elementor-widget-heading\" data-id=\"40c79a9\" data-element_type=\"widget\" data-widget_type=\"heading.default\">\n\t\t\t\t<div class=\"elementor-widget-container\">\n\t\t\t<h2 class=\"elementor-heading-title elementor-size-default\">Industriebau<\/h2>\t\t<\/div>\n\t\t\t\t<\/div>\n\t\t\t\t<div class=\"elementor-element elementor-element-640afff elementor-widget elementor-widget-text-editor\" data-id=\"640afff\" data-element_type=\"widget\" data-widget_type=\"text-editor.default\">\n\t\t\t\t<div class=\"elementor-widget-container\">\n\t\t\t\t\t\t\t\t<div class=\"elementor-text-editor elementor-clearfix\">\n\t\t\t\t<ul><li><span style=\"color: #000000;\">Tiefbauarbeiten im Industriebau<\/span><\/li><li><span style=\"color: #000000;\">Fundamente herstellen inkl. Bewehrung + Schalarbeiten<\/span><\/li><li><span style=\"color: #000000;\">alle vorbereitenden Arbeiten zur erfolgreichen Fertigstellung<\/span><\/li><\/ul>\t\t\t\t\t<\/div>\n\t\t\t\t\t\t<\/div>\n\t\t\t\t<\/div>\n\t\t\t\t\t\t<\/div>\n\t\t\t\t\t<\/div>\n\t\t<\/div>\n\t\t\t\t<div class=\"elementor-column elementor-col-33 elementor-top-column elementor-element elementor-element-c261c64\" data-id=\"c261c64\" data-element_type=\"column\">\n\t\t\t<div class=\"elementor-column-wrap elementor-element-populated\">\n\t\t\t\t\t\t\t<div class=\"elementor-widget-wrap\">\n\t\t\t\t\t\t<div class=\"elementor-element elementor-element-f56d4cf elementor-widget elementor-widget-image\" data-id=\"f56d4cf\" data-element_type=\"widget\" data-widget_type=\"image.default\">\n\t\t\t\t<div class=\"elementor-widget-container\">\n\t\t\t\t\t\t\t\t<div class=\"elementor-image\">\n\t\t\t\t\t\t\t\t\t\t\t\t<img loading=\"lazy\" decoding=\"async\" width=\"1024\" height=\"660\" src=\"https:\/\/zeba-gartengestaltung.de\/wp-content\/uploads\/2023\/03\/Kanalbau-1-e1678803010627-1024x660.jpg\" class=\"attachment-large size-large wp-image-8251\" alt=\"\" srcset=\"https:\/\/zeba-gartengestaltung.de\/wp-content\/uploads\/2023\/03\/Kanalbau-1-e1678803010627-1024x660.jpg 1024w, https:\/\/zeba-gartengestaltung.de\/wp-content\/uploads\/2023\/03\/Kanalbau-1-e1678803010627-300x193.jpg 300w, https:\/\/zeba-gartengestaltung.de\/wp-content\/uploads\/2023\/03\/Kanalbau-1-e1678803010627-768x495.jpg 768w, https:\/\/zeba-gartengestaltung.de\/wp-content\/uploads\/2023\/03\/Kanalbau-1-e1678803010627-600x387.jpg 600w, https:\/\/zeba-gartengestaltung.de\/wp-content\/uploads\/2023\/03\/Kanalbau-1-e1678803010627.jpg 1284w\" sizes=\"auto, (max-width: 1024px) 100vw, 1024px\" \/>\t\t\t\t\t\t\t\t\t\t\t\t\t\t<\/div>\n\t\t\t\t\t\t<\/div>\n\t\t\t\t<\/div>\n\t\t\t\t<div class=\"elementor-element elementor-element-bf1d74f elementor-widget elementor-widget-heading\" data-id=\"bf1d74f\" data-element_type=\"widget\" data-widget_type=\"heading.default\">\n\t\t\t\t<div class=\"elementor-widget-container\">\n\t\t\t<h2 class=\"elementor-heading-title elementor-size-default\">Kanalbau<\/h2>\t\t<\/div>\n\t\t\t\t<\/div>\n\t\t\t\t<div class=\"elementor-element elementor-element-0313633 elementor-widget elementor-widget-text-editor\" data-id=\"0313633\" data-element_type=\"widget\" data-widget_type=\"text-editor.default\">\n\t\t\t\t<div class=\"elementor-widget-container\">\n\t\t\t\t\t\t\t\t<div class=\"elementor-text-editor elementor-clearfix\">\n\t\t\t\t<ul><li><span style=\"color: #000000;\">Regen- und Schmutzwasser<\/span><\/li><li><span style=\"color: #000000;\">Verbau<\/span><\/li><li><span style=\"color: #000000;\">Verlegung s\u00e4mtlicher Kanalrohre: KG Rohre sowie Stahlbetonrohre und Bef\u00fcllung des Grabens<\/span><\/li><\/ul>\t\t\t\t\t<\/div>\n\t\t\t\t\t\t<\/div>\n\t\t\t\t<\/div>\n\t\t\t\t<div class=\"elementor-element elementor-element-8dbe451 elementor-widget elementor-widget-spacer\" data-id=\"8dbe451\" data-element_type=\"widget\" data-widget_type=\"spacer.default\">\n\t\t\t\t<div class=\"elementor-widget-container\">\n\t\t\t\t\t<div class=\"elementor-spacer\">\n\t\t\t<div class=\"elementor-spacer-inner\"><\/div>\n\t\t<\/div>\n\t\t\t\t<\/div>\n\t\t\t\t<\/div>\n\t\t\t\t<div class=\"elementor-element elementor-element-34c8901 elementor-widget elementor-widget-image\" data-id=\"34c8901\" data-element_type=\"widget\" data-widget_type=\"image.default\">\n\t\t\t\t<div class=\"elementor-widget-container\">\n\t\t\t\t\t\t\t\t<div class=\"elementor-image\">\n\t\t\t\t\t\t\t\t\t\t\t\t<img loading=\"lazy\" decoding=\"async\" width=\"1024\" height=\"683\" src=\"https:\/\/zeba-gartengestaltung.de\/wp-content\/uploads\/2023\/03\/fiber-4814456-1024x683.jpg\" class=\"attachment-large size-large wp-image-8247\" alt=\"\" srcset=\"https:\/\/zeba-gartengestaltung.de\/wp-content\/uploads\/2023\/03\/fiber-4814456-1024x683.jpg 1024w, https:\/\/zeba-gartengestaltung.de\/wp-content\/uploads\/2023\/03\/fiber-4814456-300x200.jpg 300w, https:\/\/zeba-gartengestaltung.de\/wp-content\/uploads\/2023\/03\/fiber-4814456-768x512.jpg 768w, https:\/\/zeba-gartengestaltung.de\/wp-content\/uploads\/2023\/03\/fiber-4814456-1536x1024.jpg 1536w, https:\/\/zeba-gartengestaltung.de\/wp-content\/uploads\/2023\/03\/fiber-4814456-2048x1365.jpg 2048w, https:\/\/zeba-gartengestaltung.de\/wp-content\/uploads\/2023\/03\/fiber-4814456-850x567.jpg 850w, https:\/\/zeba-gartengestaltung.de\/wp-content\/uploads\/2023\/03\/fiber-4814456-360x240.jpg 360w, https:\/\/zeba-gartengestaltung.de\/wp-content\/uploads\/2023\/03\/fiber-4814456-600x400.jpg 600w\" sizes=\"auto, (max-width: 1024px) 100vw, 1024px\" \/>\t\t\t\t\t\t\t\t\t\t\t\t\t\t<\/div>\n\t\t\t\t\t\t<\/div>\n\t\t\t\t<\/div>\n\t\t\t\t<div class=\"elementor-element elementor-element-6ccf87a elementor-widget elementor-widget-heading\" data-id=\"6ccf87a\" data-element_type=\"widget\" data-widget_type=\"heading.default\">\n\t\t\t\t<div class=\"elementor-widget-container\">\n\t\t\t<h2 class=\"elementor-heading-title elementor-size-default\">Kabelbau<\/h2>\t\t<\/div>\n\t\t\t\t<\/div>\n\t\t\t\t<div class=\"elementor-element elementor-element-df4ae5a elementor-widget elementor-widget-text-editor\" data-id=\"df4ae5a\" data-element_type=\"widget\" data-widget_type=\"text-editor.default\">\n\t\t\t\t<div class=\"elementor-widget-container\">\n\t\t\t\t\t\t\t\t<div class=\"elementor-text-editor elementor-clearfix\">\n\t\t\t\t<ul><li><span style=\"color: #000000;\">Breitband<\/span><\/li><li><span style=\"color: #000000;\">Strom<\/span><\/li><li><span style=\"color: #000000;\">Telekom<\/span><\/li><li><span style=\"color: #000000;\">Leerrohr<\/span><\/li><\/ul>\t\t\t\t\t<\/div>\n\t\t\t\t\t\t<\/div>\n\t\t\t\t<\/div>\n\t\t\t\t\t\t<\/div>\n\t\t\t\t\t<\/div>\n\t\t<\/div>\n\t\t\t\t<div class=\"elementor-column elementor-col-33 elementor-top-column elementor-element elementor-element-86d8749\" data-id=\"86d8749\" data-element_type=\"column\">\n\t\t\t<div class=\"elementor-column-wrap elementor-element-populated\">\n\t\t\t\t\t\t\t<div class=\"elementor-widget-wrap\">\n\t\t\t\t\t\t<div class=\"elementor-element elementor-element-c54a08b elementor-widget elementor-widget-image\" data-id=\"c54a08b\" data-element_type=\"widget\" data-widget_type=\"image.default\">\n\t\t\t\t<div class=\"elementor-widget-container\">\n\t\t\t\t\t\t\t\t<div class=\"elementor-image\">\n\t\t\t\t\t\t\t\t\t\t\t\t<img loading=\"lazy\" decoding=\"async\" width=\"1024\" height=\"665\" src=\"https:\/\/zeba-gartengestaltung.de\/wp-content\/uploads\/2023\/03\/Erdbau-e1678803184383-1024x665.jpg\" class=\"attachment-large size-large wp-image-8256\" alt=\"\" srcset=\"https:\/\/zeba-gartengestaltung.de\/wp-content\/uploads\/2023\/03\/Erdbau-e1678803184383-1024x665.jpg 1024w, https:\/\/zeba-gartengestaltung.de\/wp-content\/uploads\/2023\/03\/Erdbau-e1678803184383-300x195.jpg 300w, https:\/\/zeba-gartengestaltung.de\/wp-content\/uploads\/2023\/03\/Erdbau-e1678803184383-768x499.jpg 768w, https:\/\/zeba-gartengestaltung.de\/wp-content\/uploads\/2023\/03\/Erdbau-e1678803184383-600x390.jpg 600w, https:\/\/zeba-gartengestaltung.de\/wp-content\/uploads\/2023\/03\/Erdbau-e1678803184383.jpg 1283w\" sizes=\"auto, (max-width: 1024px) 100vw, 1024px\" \/>\t\t\t\t\t\t\t\t\t\t\t\t\t\t<\/div>\n\t\t\t\t\t\t<\/div>\n\t\t\t\t<\/div>\n\t\t\t\t<div class=\"elementor-element elementor-element-5ac7672 elementor-widget elementor-widget-heading\" data-id=\"5ac7672\" data-element_type=\"widget\" data-widget_type=\"heading.default\">\n\t\t\t\t<div class=\"elementor-widget-container\">\n\t\t\t<h2 class=\"elementor-heading-title elementor-size-default\">Erdbau<\/h2>\t\t<\/div>\n\t\t\t\t<\/div>\n\t\t\t\t<div class=\"elementor-element elementor-element-5ae12ba elementor-widget elementor-widget-text-editor\" data-id=\"5ae12ba\" data-element_type=\"widget\" data-widget_type=\"text-editor.default\">\n\t\t\t\t<div class=\"elementor-widget-container\">\n\t\t\t\t\t\t\t\t<div class=\"elementor-text-editor elementor-clearfix\">\n\t\t\t\t<ul><li><span style=\"color: #000000;\">Auf &amp; Abtrag von verschiedenen Bodenarten<\/span><\/li><li><span style=\"color: #000000;\">Verdichtung von B\u00f6den<\/span><\/li><li><span style=\"color: #000000;\">R\u00fcckhaltebecken<\/span><\/li><li><span style=\"color: #000000;\">Oberbodenarbeiten<\/span><\/li><li><span style=\"color: #000000;\">Herstellen des Erdplanums<\/span><\/li><\/ul>\t\t\t\t\t<\/div>\n\t\t\t\t\t\t<\/div>\n\t\t\t\t<\/div>\n\t\t\t\t<div class=\"elementor-element elementor-element-8eab55d elementor-widget elementor-widget-spacer\" data-id=\"8eab55d\" data-element_type=\"widget\" data-widget_type=\"spacer.default\">\n\t\t\t\t<div class=\"elementor-widget-container\">\n\t\t\t\t\t<div class=\"elementor-spacer\">\n\t\t\t<div class=\"elementor-spacer-inner\"><\/div>\n\t\t<\/div>\n\t\t\t\t<\/div>\n\t\t\t\t<\/div>\n\t\t\t\t<div class=\"elementor-element elementor-element-0273e55 elementor-widget elementor-widget-image\" data-id=\"0273e55\" data-element_type=\"widget\" data-widget_type=\"image.default\">\n\t\t\t\t<div class=\"elementor-widget-container\">\n\t\t\t\t\t\t\t\t<div class=\"elementor-image\">\n\t\t\t\t\t\t\t\t\t\t\t\t<img loading=\"lazy\" decoding=\"async\" width=\"1024\" height=\"678\" src=\"https:\/\/zeba-gartengestaltung.de\/wp-content\/uploads\/2023\/03\/IMG_E1022-e1678802901819-1024x678.jpg\" class=\"attachment-large size-large wp-image-8249\" alt=\"\" srcset=\"https:\/\/zeba-gartengestaltung.de\/wp-content\/uploads\/2023\/03\/IMG_E1022-e1678802901819-1024x678.jpg 1024w, https:\/\/zeba-gartengestaltung.de\/wp-content\/uploads\/2023\/03\/IMG_E1022-e1678802901819-300x199.jpg 300w, https:\/\/zeba-gartengestaltung.de\/wp-content\/uploads\/2023\/03\/IMG_E1022-e1678802901819-768x508.jpg 768w, https:\/\/zeba-gartengestaltung.de\/wp-content\/uploads\/2023\/03\/IMG_E1022-e1678802901819-600x397.jpg 600w, https:\/\/zeba-gartengestaltung.de\/wp-content\/uploads\/2023\/03\/IMG_E1022-e1678802901819.jpg 1284w\" sizes=\"auto, (max-width: 1024px) 100vw, 1024px\" \/>\t\t\t\t\t\t\t\t\t\t\t\t\t\t<\/div>\n\t\t\t\t\t\t<\/div>\n\t\t\t\t<\/div>\n\t\t\t\t<div class=\"elementor-element elementor-element-8921d85 elementor-widget elementor-widget-heading\" data-id=\"8921d85\" data-element_type=\"widget\" data-widget_type=\"heading.default\">\n\t\t\t\t<div class=\"elementor-widget-container\">\n\t\t\t<h2 class=\"elementor-heading-title elementor-size-default\">Pflasterarbeiten<\/h2>\t\t<\/div>\n\t\t\t\t<\/div>\n\t\t\t\t<div class=\"elementor-element elementor-element-26bcc0f elementor-widget elementor-widget-text-editor\" data-id=\"26bcc0f\" data-element_type=\"widget\" data-widget_type=\"text-editor.default\">\n\t\t\t\t<div class=\"elementor-widget-container\">\n\t\t\t\t\t\t\t\t<div class=\"elementor-text-editor elementor-clearfix\">\n\t\t\t\t<ul><li><span style=\"color: #000000;\">Gepflasterte Stra\u00dfen- Wege &#8211; Gehwege &amp; private Hofeinfahrten<\/span><\/li><li><span style=\"color: #000000;\">Oberbau mit Pflastersteinen<\/span><\/li><li><span style=\"color: #000000;\">Pflastern einer Fl\u00e4che mit k\u00fcnstlichen Steinen<\/span><\/li><\/ul>\t\t\t\t\t<\/div>\n\t\t\t\t\t\t<\/div>\n\t\t\t\t<\/div>\n\t\t\t\t\t\t<\/div>\n\t\t\t\t\t<\/div>\n\t\t<\/div>\n\t\t\t\t\t\t\t\t<\/div>\n\t\t\t\t\t<\/div>\n\t\t<\/section>\n\t\t\t\t\t\t\t\t\t<\/div>\n\t\t\t<\/div>\n\t\t\t\t\t<\/div>\n\t\t","protected":false},"excerpt":{"rendered":"<p>Stra\u00dfenbau Stra\u00dfensanierungen Instandsetzungen Ortskernsanierungen Belagsanierungen Parkpl\u00e4tze Gehwege Industriebau Tiefbauarbeiten im Industriebau Fundamente herstellen inkl. Bewehrung + Schalarbeiten alle vorbereitenden Arbeiten zur erfolgreichen Fertigstellung Kanalbau Regen- und Schmutzwasser Verbau Verlegung s\u00e4mtlicher Kanalrohre: KG Rohre sowie Stahlbetonrohre und Bef\u00fcllung des Grabens Kabelbau Breitband Strom Telekom Leerrohr Erdbau Auf &amp; Abtrag von verschiedenen Bodenarten Verdichtung von B\u00f6den R\u00fcckhaltebecken [&hellip;]<\/p>\n","protected":false},"author":1,"featured_media":0,"parent":0,"menu_order":0,"comment_status":"closed","ping_status":"closed","template":"","meta":{"footnotes":""},"class_list":["post-921","page","type-page","status-publish","hentry"],"acf":[],"_links":{"self":[{"href":"https:\/\/zeba-gartengestaltung.de\/index.php\/wp-json\/wp\/v2\/pages\/921","targetHints":{"allow":["GET"]}}],"collection":[{"href":"https:\/\/zeba-gartengestaltung.de\/index.php\/wp-json\/wp\/v2\/pages"}],"about":[{"href":"https:\/\/zeba-gartengestaltung.de\/index.php\/wp-json\/wp\/v2\/types\/page"}],"author":[{"embeddable":true,"href":"https:\/\/zeba-gartengestaltung.de\/index.php\/wp-json\/wp\/v2\/users\/1"}],"replies":[{"embeddable":true,"href":"https:\/\/zeba-gartengestaltung.de\/index.php\/wp-json\/wp\/v2\/comments?post=921"}],"version-history":[{"count":32,"href":"https:\/\/zeba-gartengestaltung.de\/index.php\/wp-json\/wp\/v2\/pages\/921\/revisions"}],"predecessor-version":[{"id":8296,"href":"https:\/\/zeba-gartengestaltung.de\/index.php\/wp-json\/wp\/v2\/pages\/921\/revisions\/8296"}],"wp:attachment":[{"href":"https:\/\/zeba-gartengestaltung.de\/index.php\/wp-json\/wp\/v2\/media?parent=921"}],"curies":[{"name":"wp","href":"https:\/\/api.w.org\/{rel}","templated":true}]}}